{"id":35,"date":"2017-03-02T10:19:08","date_gmt":"2017-03-02T13:19:08","guid":{"rendered":"http:\/\/novoatlas.azurewebsites.net\/?page_id=35"},"modified":"2019-09-25T10:10:02","modified_gmt":"2019-09-25T13:10:02","slug":"potencial-eolico","status":"publish","type":"page","link":"https:\/\/novoatlas.cepel.br\/","title":{"rendered":"Apresenta\u00e7\u00e3o"},"content":{"rendered":"<p><figure id=\"attachment_383\" aria-describedby=\"caption-attachment-383\" style=\"width: 200px\" class=\"wp-caption alignleft\"><a href=\"\/wp-content\/uploads\/2017\/03\/NovoAtlasdoPotencialEolico_BrasileiroSIM_2013.pdf\" target=\"_blank\" rel=\"noopener\"><img loading=\"lazy\" decoding=\"async\" class=\"wp-image-383 size-full\" src=\"\/wp-content\/uploads\/2017\/03\/Capa-livro_Web2.jpg\" alt=\"\" width=\"200\" height=\"276\" \/><\/a><figcaption id=\"caption-attachment-383\" class=\"wp-caption-text\">Download do Altas do Potencial E\u00f3lico Brasileiro &#8211; Simula\u00e7\u00f5es 2013<\/figcaption><\/figure><\/p>\n<p>O Atlas do Potencial E\u00f3lico Brasileiro, publicado em 2001 e concebido para a altura de 50 metros (altura suficiente para as tecnologias dos aerogeradores da \u00e9poca), foi, sem d\u00favida, um importante marco para o desenvolvimento do setor e\u00f3lico no Brasil. Com o passar dos anos, o mercado e\u00f3lico brasileiro experimentou crescimento significativo, tanto devido \u00e0 implanta\u00e7\u00e3o do Programa de Incentivo \u00e0s Fontes Alternativas de Energia El\u00e9trica &#8211; Proinfa, quanto aos resultados alcan\u00e7ados pelos leil\u00f5es de energia. Ao longo do tempo, a tecnologia de aerogeradores desenvolveu-se significativamente disponibilizando modelos de maiores pot\u00eancias e dimens\u00f5es para opera\u00e7\u00e3o em alturas mais elevadas, quando comparados aos modelos comercializados em 2001. O ent\u00e3o Minist\u00e9rio da Ci\u00eancia, Tecnologia e Inova\u00e7\u00e3o &#8211; MCTI, atrav\u00e9s da Secretaria de Desenvolvimento Tecnol\u00f3gico e Inova\u00e7\u00e3o &#8211; Setec e da Coordena\u00e7\u00e3o Geral de Tecnologias Setoriais &#8211; CGTS, tomou a iniciativa de promover a atualiza\u00e7\u00e3o do Atlas do Potencial E\u00f3lico Brasileiro de 2001, considerando alturas superiores a 50 metros e as novas tecnologias dispon\u00edveis comercialmente. Nesse sentido, foi aprovado, pelo Comit\u00ea Gestor do Fundo Setorial de Energia &#8211; CT-ENERG, um projeto de encomenda vertical ao Centro de Pesquisas de Energia El\u00e9trica &#8211; Cepel, implementado pela Financiadora de Estudos e Projetos &#8211; Finep, por meio do Conv\u00eanio de n\u00ba 01.09.539.00, sob o t\u00edtulo \u201cAtualiza\u00e7\u00e3o do Atlas E\u00f3lico Brasileiro\u201d.<\/p>\n<p>Para a realiza\u00e7\u00e3o deste projeto, o Cepel estabeleceu parceria com o Instituto Nacional de Pesquisas Espaciais &#8211; Inpe para aloca\u00e7\u00e3o da infraestrutura e de profissionais do Centro de Previs\u00e3o de Tempo e Estudos Clim\u00e1ticos &#8211; CPTEC. A partir do trabalho conjunto entre o Cepel e o CPTEC, foi poss\u00edvel estimar o potencial e\u00f3lico para todo o territ\u00f3rio nacional atrav\u00e9s do uso de modelos num\u00e9ricos utilizados para previs\u00f5es do tempo. Considerando a complexidade de tais modelos e a necessidade de abranger todo o territ\u00f3rio brasileiro, o processamento das informa\u00e7\u00f5es contou amplamente com o uso do supercomputador do CPTEC.<\/p>\n<p>Dentre os diversos modelos num\u00e9ricos utilizados pelo CPTEC para previs\u00e3o do tempo, o modelo de mesoescala Brams (Brazilian developments on the Regional Atmospheric Modeling System) foi escolhido para estimar a velocidade e a dire\u00e7\u00e3o do vento em todo o pa\u00eds, para as alturas de 30, 50, 80, 100, 120, 150 e 200 metros. Tal escolha foi baseada tanto no fato deste modelo ser o resultado da consolida\u00e7\u00e3o de v\u00e1rias adapta\u00e7\u00f5es do modelo Rams (Regional Atmospheric Modeling System) para as condi\u00e7\u00f5es clim\u00e1ticas brasileiras, quanto na exist\u00eancia de um grande n\u00famero de meteorologistas que o utilizam para previs\u00e3o do tempo em todo o Brasil. Como o modelo Brams apresenta melhores resultados para simula\u00e7\u00f5es realizadas com base numa grade de 5 km x 5 km, escolheu-se esta resolu\u00e7\u00e3o para a elabora\u00e7\u00e3o do presente Atlas.<\/p>\n<p>O car\u00e1ter inovador da utiliza\u00e7\u00e3o do modelo Brams exclusivamente para previs\u00e3o da velocidade e da dire\u00e7\u00e3o do vento em todo o territ\u00f3rio nacional trouxe diversos desafios ao longo do projeto. Para a obten\u00e7\u00e3o de um ano t\u00edpico, que representasse informa\u00e7\u00f5es m\u00e9dias de um per\u00edodo e n\u00e3o de um ano espec\u00edfico, decidiu-se que seriam simulados os anos de 2012, 2013, 2014 e 2015. A partir dos dados simulados e, posteriormente, ajustados com dados medidos, seria, ent\u00e3o, obtido o ano t\u00edpico para o per\u00edodo dos quatro anos mencionados. Uma grande preocupa\u00e7\u00e3o ao longo da elabora\u00e7\u00e3o do presente Atlas foi a quest\u00e3o da compara\u00e7\u00e3o dos resultados das simula\u00e7\u00f5es geradas pelo modelo Brams com dados efetivamente medidos. Apesar da vasta rede climatol\u00f3gica distribu\u00edda por todo o Brasil, disponibilizada pelo Inpe [1], os melhores dados para compara\u00e7\u00e3o e ajuste dos resultados das simula\u00e7\u00f5es obtidas com o modelo Brams s\u00e3o aqueles provenientes de esta\u00e7\u00f5es anemom\u00e9tricas espec\u00edficas para empreendimentos e\u00f3licos. Uma das grandes vantagens de se utilizar estes dados est\u00e1 nas alturas de medi\u00e7\u00e3o, que coincidem com as alturas dos aerogeradores dispon\u00edveis comercialmente no Brasil. Atrav\u00e9s do apoio do MCTI e da Empresa de Pesquisa Energ\u00e9tica &#8211; EPE, 12 empreendedores autorizaram o uso de informa\u00e7\u00f5es anemom\u00e9tricas oriundas de 39 parques e\u00f3licos e relativas ao per\u00edodo dos anos simulados. As autoriza\u00e7\u00f5es concedidas para o uso de dados anemom\u00e9tricos provenientes de parques e\u00f3licos em opera\u00e7\u00e3o no Brasil, considerados de alta qualidade, possibilitaram ajustes importantes com rela\u00e7\u00e3o aos resultados simulados nas principais \u00e1reas de comprovado potencial.<\/p>\n<p>Tendo em vista a complexidade do projeto decorrente do uso inovador do modelo Brams, os problemas de ordem t\u00e9cnica, que foram resolvidos ao longo de sua execu\u00e7\u00e3o, e a data de encerramento do Conv\u00eanio com a Finep, s\u00f3 foi poss\u00edvel realizar a simula\u00e7\u00e3o e o ajuste dos dados referentes ao ano de 2013. Adicionalmente aos problemas j\u00e1 mencionados, a simula\u00e7\u00e3o, usando o modelo Brams, para todo o territ\u00f3rio nacional, \u00e9 altamente intensiva no uso de recursos computacionais. Uma vez que o supercomputador do Inpe, assim como os profissionais que o operam, atendem diversas demandas (entre elas, as previs\u00f5es di\u00e1rias do tempo), a disponibilidade para realizar as simula\u00e7\u00f5es destinadas \u00e0 elabora\u00e7\u00e3o de um Atlas E\u00f3lico n\u00e3o \u00e9 ilimitada, o que trouxe algumas restri\u00e7\u00f5es na velocidade de execu\u00e7\u00e3o do trabalho.<\/p>\n<p>As simula\u00e7\u00f5es com o modelo Brams referentes ao ano de 2013, a compara\u00e7\u00e3o dos resultados obtidos com dados medidos e a subsequente realiza\u00e7\u00e3o de ajustes constituem marcos significativos do trabalho de elabora\u00e7\u00e3o do presente Atlas E\u00f3lico. Ap\u00f3s a conclus\u00e3o destas etapas, foram produzidos mapas tem\u00e1ticos relativos \u00e0s m\u00e9dias anuais, obtidas a partir de simula\u00e7\u00f5es para o ano de 2013. Adicionalmente, tornou-se poss\u00edvel, para a sociedade, a consulta web das informa\u00e7\u00f5es em ambiente georreferenciado.<\/p>\n<p>O ambiente web de consulta aos dados foi desenvolvido de forma a fornecer aos usu\u00e1rios a possibilidade, n\u00e3o somente, de visualiza\u00e7\u00e3o das informa\u00e7\u00f5es de cada mapa tem\u00e1tico, mas tamb\u00e9m de \u00a0fazer compara\u00e7\u00f5es entre dois temas distintos, al\u00e9m de outras funcionalidades de mapas dispon\u00edveis em um ambiente georreferenciado. Por meio de um \u00fanico click, \u00e9 poss\u00edvel obter todas as informa\u00e7\u00f5es contidas nos mapas tem\u00e1ticos, tanto para um ponto espec\u00edfico, quanto para uma regi\u00e3o previamente definida. O presente Atlas disponibiliza, de forma in\u00e9dita, toda a base de dados consolidados e georreferenciados em ambiente web para livre consulta.<\/p>\n<p>Nesta publica\u00e7\u00e3o s\u00e3o apresentadas as metodologias desenvolvidas para a elabora\u00e7\u00e3o dos ajustes dos resultados obtidos com o modelo Brams, para a avalia\u00e7\u00e3o estat\u00edstica do resultado final e para as interpola\u00e7\u00f5es necess\u00e1rias \u00e0 confec\u00e7\u00e3o dos mapas tem\u00e1ticos. Tamb\u00e9m \u00e9 descrita a metodologia utilizada para a estimativa do potencial e\u00f3lico brasileiro, considerando as restri\u00e7\u00f5es que impedem a instala\u00e7\u00e3o de parques e\u00f3licos (\u00e1reas de prote\u00e7\u00e3o ambiental, florestas, rios etc.). A consolida\u00e7\u00e3o das simula\u00e7\u00f5es para o ano de 2013, apresentada, nesta publica\u00e7\u00e3o, atrav\u00e9s dos mapas tem\u00e1ticos e da consulta web, representa um importante marco para a elabora\u00e7\u00e3o de um Atlas E\u00f3lico que consistir\u00e1 de um per\u00edodo maior de anos simulados.<\/p>\n<p>Para dar continuidade ao desenvolvimento do presente trabalho, visando \u00e0 obten\u00e7\u00e3o do ano t\u00edpico, pretende-se realizar o ajuste e a valida\u00e7\u00e3o estat\u00edstica dos resultados para os anos de 2012, 2014 e 2015 (cujas simula\u00e7\u00f5es com o modelo Brams j\u00e1 est\u00e3o conclu\u00eddas) nos mesmos moldes do que foi efetuado para o ano de 2013. Adicionalmente, pretende-se realizar simula\u00e7\u00f5es em resolu\u00e7\u00e3o de microescala em s\u00edtios com elevado potencial para abrigar parques e\u00f3licos.<\/p>\n<hr \/>\n<blockquote><p>[1] A base de dados meteorol\u00f3gicos do Inpe, \u00e9 formada por dados de esta\u00e7\u00f5es meteorol\u00f3gicas convencionais e autom\u00e1ticas do INMET e de outras institui\u00e7\u00f5es, dados de aeroportos (METAR) do DECEA, relat\u00f3rios climatol\u00f3gicos do INMET e do DECEA, estudos acad\u00eamicos e agr\u00edcolas para locais espec\u00edficos e campos de dados interpolados obtidos a partir de todas as observa\u00e7\u00f5es dispon\u00edveis na base de dados do CPTEC.<\/p><\/blockquote>\n<p><\/p>","protected":false},"excerpt":{"rendered":"<p>O Atlas do Potencial E\u00f3lico Brasileiro, publicado em 2001 e concebido para a altura de 50 metros (altura suficiente para as tecnologias dos aerogeradores da \u00e9poca), foi, sem d\u00favida, um importante marco para o desenvolvimento do setor e\u00f3lico no Brasil. Com o passar dos anos, o mercado e\u00f3lico brasileiro experimentou crescimento significativo, tanto devido \u00e0 &hellip; <\/p>\n<p class=\"link-more\"><a href=\"https:\/\/novoatlas.cepel.br\/\" class=\"more-link\">Continue lendo<span class=\"screen-reader-text\"> &#8220;Apresenta\u00e7\u00e3o&#8221;<\/span><\/a><\/p>\n","protected":false},"author":1,"featured_media":0,"parent":0,"menu_order":0,"comment_status":"closed","ping_status":"closed","template":"","meta":{"footnotes":""},"_links":{"self":[{"href":"https:\/\/novoatlas.cepel.br\/index.php\/wp-json\/wp\/v2\/pages\/35"}],"collection":[{"href":"https:\/\/novoatlas.cepel.br\/index.php\/wp-json\/wp\/v2\/pages"}],"about":[{"href":"https:\/\/novoatlas.cepel.br\/index.php\/wp-json\/wp\/v2\/types\/page"}],"author":[{"embeddable":true,"href":"https:\/\/novoatlas.cepel.br\/index.php\/wp-json\/wp\/v2\/users\/1"}],"replies":[{"embeddable":true,"href":"https:\/\/novoatlas.cepel.br\/index.php\/wp-json\/wp\/v2\/comments?post=35"}],"version-history":[{"count":48,"href":"https:\/\/novoatlas.cepel.br\/index.php\/wp-json\/wp\/v2\/pages\/35\/revisions"}],"predecessor-version":[{"id":653,"href":"https:\/\/novoatlas.cepel.br\/index.php\/wp-json\/wp\/v2\/pages\/35\/revisions\/653"}],"wp:attachment":[{"href":"https:\/\/novoatlas.cepel.br\/index.php\/wp-json\/wp\/v2\/media?parent=35"}],"curies":[{"name":"wp","href":"https:\/\/api.w.org\/{rel}","templated":true}]}}