{"id":9,"date":"2017-03-02T10:01:39","date_gmt":"2017-03-02T13:01:39","guid":{"rendered":"http:\/\/novoatlas.azurewebsites.net\/?page_id=9"},"modified":"2024-02-28T15:29:39","modified_gmt":"2024-02-28T18:29:39","slug":"contato","status":"publish","type":"page","link":"https:\/\/novoatlas.cepel.br\/index.php\/contato\/","title":{"rendered":"Contato"},"content":{"rendered":"<p><\/p>\n<div class=\"col-md-6 \">\n\n<div class=\"wpcf7 no-js\" id=\"wpcf7-f566-o1\" lang=\"pt-BR\" dir=\"ltr\">\n<div class=\"screen-reader-response\"><p role=\"status\" aria-live=\"polite\" aria-atomic=\"true\"><\/p> <ul><\/ul><\/div>\n<form action=\"\/index.php\/wp-json\/wp\/v2\/pages\/9#wpcf7-f566-o1\" method=\"post\" class=\"wpcf7-form init\" aria-label=\"Formul\u00e1rios de contato\" novalidate=\"novalidate\" data-status=\"init\">\n<div style=\"display: none;\">\n<input type=\"hidden\" name=\"_wpcf7\" value=\"566\" \/>\n<input type=\"hidden\" name=\"_wpcf7_version\" value=\"5.9\" \/>\n<input type=\"hidden\" name=\"_wpcf7_locale\" value=\"pt_BR\" \/>\n<input type=\"hidden\" name=\"_wpcf7_unit_tag\" value=\"wpcf7-f566-o1\" \/>\n<input type=\"hidden\" name=\"_wpcf7_container_post\" value=\"0\" \/>\n<input type=\"hidden\" name=\"_wpcf7_posted_data_hash\" value=\"\" \/>\n<\/div>\n<div class=\"form-group\">\n\t<p><label> Nome (*)<\/label><br \/>\n<span class=\"wpcf7-form-control-wrap\" data-name=\"nome\"><input size=\"40\" class=\"wpcf7-form-control wpcf7-text wpcf7-validates-as-required form-control\" aria-required=\"true\" aria-invalid=\"false\" value=\"\" type=\"text\" name=\"nome\" \/><\/span>\n\t<\/p>\n<\/div>\n<div class=\"form-group\">\n\t<p><label>E-mail (*)<\/label><br \/>\n<span class=\"wpcf7-form-control-wrap\" data-name=\"email\"><input size=\"40\" class=\"wpcf7-form-control wpcf7-email wpcf7-validates-as-required wpcf7-text wpcf7-validates-as-email form-control\" aria-required=\"true\" aria-invalid=\"false\" value=\"\" type=\"email\" name=\"email\" \/><\/span>\n\t<\/p>\n<\/div>\n<div class=\"form-group\">\n\t<p><label>Assunto<\/label><br \/>\n<span class=\"wpcf7-form-control-wrap\" data-name=\"subject\"><input size=\"40\" class=\"wpcf7-form-control wpcf7-text form-control\" aria-invalid=\"false\" value=\"\" type=\"text\" name=\"subject\" \/><\/span>\n\t<\/p>\n<\/div>\n<div class=\"form-group\">\n\t<p><label>Mensagem<\/label><br \/>\n<span class=\"wpcf7-form-control-wrap\" data-name=\"textarea-784\"><textarea cols=\"40\" rows=\"10\" class=\"wpcf7-form-control wpcf7-textarea form-control\" aria-invalid=\"false\" name=\"textarea-784\"><\/textarea><\/span>\n\t<\/p>\n<\/div>\n<p><input class=\"wpcf7-form-control wpcf7-submit has-spinner btn-formulario-contato\" type=\"submit\" value=\"Enviar\" \/>\n<\/p><p style=\"display: none !important;\" class=\"akismet-fields-container\" data-prefix=\"_wpcf7_ak_\"><label>&#916;<textarea name=\"_wpcf7_ak_hp_textarea\" cols=\"45\" rows=\"8\" maxlength=\"100\"><\/textarea><\/label><input type=\"hidden\" id=\"ak_js_1\" name=\"_wpcf7_ak_js\" value=\"155\"\/><script>document.getElementById( \"ak_js_1\" ).setAttribute( \"value\", ( new Date() ).getTime() );<\/script><\/p><div class=\"wpcf7-response-output\" aria-hidden=\"true\"><\/div>\n<\/form>\n<\/div>\n\n<\/div>\n<div class=\"col-md-6 \">\n<h4>ENCONTRE-NOS<\/h4>\n<p>CEPEL &#8211; Centro de Pesquisas de Energia El\u00e9trica<br \/>\nAv. Hor\u00e1cio Macedo, 354 &#8211; Cidade Universit\u00e1ria &#8211; Rio de Janeiro &#8211; RJ &#8211; Brasil, CEP 21941-911<\/p>\n<p>Tel: 55 (21) 2598-6174 \/ 2598-6187<\/p>\n<p><iframe loading=\"lazy\" style=\"border: 0;\" src=\"https:\/\/www.google.com\/maps\/embed?pb=!1m18!1m12!1m3!1d41596.96393512148!2d-43.23895215755371!3d-22.851070205131297!2m3!1f0!2f0!3f0!3m2!1i1024!2i768!4f13.1!3m3!1m2!1s0x0%3A0x43ca8d052c0a6aba!2sCentro+de+Pesquisas+de+Energia+El%C3%A9trica!5e0!3m2!1spt-BR!2sbr!4v1496079570157\" width=\"100%\" height=\"350\" frameborder=\"0\" allowfullscreen=\"allowfullscreen\"><\/iframe><\/p>\n<\/div>\n<p><\/p>","protected":false},"excerpt":{"rendered":"<p>ENCONTRE-NOS CEPEL &#8211; Centro de Pesquisas de Energia El\u00e9trica Av. Hor\u00e1cio Macedo, 354 &#8211; Cidade Universit\u00e1ria &#8211; Rio de Janeiro &#8211; RJ &#8211; Brasil, CEP 21941-911 Tel: 55 (21) 2598-6174 \/ 2598-6187<\/p>\n","protected":false},"author":1,"featured_media":0,"parent":0,"menu_order":0,"comment_status":"closed","ping_status":"closed","template":"","meta":{"footnotes":""},"_links":{"self":[{"href":"https:\/\/novoatlas.cepel.br\/index.php\/wp-json\/wp\/v2\/pages\/9"}],"collection":[{"href":"https:\/\/novoatlas.cepel.br\/index.php\/wp-json\/wp\/v2\/pages"}],"about":[{"href":"https:\/\/novoatlas.cepel.br\/index.php\/wp-json\/wp\/v2\/types\/page"}],"author":[{"embeddable":true,"href":"https:\/\/novoatlas.cepel.br\/index.php\/wp-json\/wp\/v2\/users\/1"}],"replies":[{"embeddable":true,"href":"https:\/\/novoatlas.cepel.br\/index.php\/wp-json\/wp\/v2\/comments?post=9"}],"version-history":[{"count":37,"href":"https:\/\/novoatlas.cepel.br\/index.php\/wp-json\/wp\/v2\/pages\/9\/revisions"}],"predecessor-version":[{"id":680,"href":"https:\/\/novoatlas.cepel.br\/index.php\/wp-json\/wp\/v2\/pages\/9\/revisions\/680"}],"wp:attachment":[{"href":"https:\/\/novoatlas.cepel.br\/index.php\/wp-json\/wp\/v2\/media?parent=9"}],"curies":[{"name":"wp","href":"https:\/\/api.w.org\/{rel}","templated":true}]}}